{"id":6787,"date":"2018-04-26T11:16:54","date_gmt":"2018-04-26T08:16:54","guid":{"rendered":"http:\/\/www.siteniz.site\/?page_id=6787"},"modified":"2023-09-14T23:55:49","modified_gmt":"2023-09-14T20:55:49","slug":"blog","status":"publish","type":"page","link":"https:\/\/ozkarabeytelorgu.com\/en\/blog\/","title":{"rendered":"Blog"},"content":{"rendered":"<section class=\"l-section wpb_row height_medium\"><div class=\"l-section-h i-cf\"><div class=\"g-cols offset_small\"><div class=\"vc_col-sm-12 wpb_column vc_column_container\"><div class=\"vc_column-inner\"><div class=\"w-blog layout_classic cols_3 with_categories\" itemscope=\"itemscope\" itemtype=\"https:\/\/schema.org\/Blog\"><div class=\"w-blog-list\">\n\n<article class=\"w-blog-post tel-orgu-grubu post-7573 post type-post status-publish format-standard has-post-thumbnail hentry category-tel-orgu-grubu tag-trabzon-tel-orgu tag-trabzon-tel-orgu-sistemleri tag-trabzonda-tel-orgu tag-trabzonda-tel-orgu-sistemleri\" data-id=\"7573\" data-categories=\"tel-orgu-grubu\">\n\t<div class=\"w-blog-post-h\">\n\t\t<a href=\"https:\/\/ozkarabeytelorgu.com\/en\/trabzon-tel-orgu\/\">\n\t\t\t<div class=\"w-blog-post-preview\">\n\t\t\t\t<img loading=\"lazy\" decoding=\"async\" width=\"600\" height=\"400\" src=\"https:\/\/ozkarabeytelorgu.com\/wp-content\/uploads\/2023\/11\/trabzon-tel-orgu-600x400.jpg\" class=\"attachment-tnail-3x2 size-tnail-3x2 wp-post-image\" alt=\"\" \/>\t\t\t\t<span class=\"w-blog-post-preview-icon\" style=\"padding-bottom: 66.6667%;\"><\/span>\n\t\t\t<\/div>\n\t\t<\/a>\n\t\t<div class=\"w-blog-post-body\">\n\t\t\t<h2 class=\"w-blog-post-title\">\n\t\t\t\t<a class=\"entry-title\" rel=\"bookmark\" href=\"https:\/\/ozkarabeytelorgu.com\/en\/trabzon-tel-orgu\/\">Periodic maintenance also falls under<\/a>\n\t\t\t<\/h2>\n\t\t\t<div class=\"w-blog-post-meta\">\n\t\t\t\t<time class=\"w-blog-post-meta-date date updated\">Thursday November 23rd, 2023<\/time><span class=\"w-blog-post-meta-author vcard author\"><a href=\"https:\/\/ozkarabeytelorgu.com\/en\/author\/admin\/\" class=\"fn\">admin<\/a><\/span><span class=\"w-blog-post-meta-category\"><a href=\"https:\/\/ozkarabeytelorgu.com\/en\/category\/tel-orgu-grubu\/\" rel=\"category tag\"><\/a><\/span><span class=\"w-blog-post-meta-tags\"><a href=\"https:\/\/ozkarabeytelorgu.com\/en\/tag\/trabzon-tel-orgu\/\" rel=\"tag\">trabzon tel \u00f6rg\u00fc<\/a>, <a href=\"https:\/\/ozkarabeytelorgu.com\/en\/tag\/trabzon-tel-orgu-sistemleri\/\" rel=\"tag\">trabzon tel \u00f6rg\u00fc sistemleri<\/a>, <a href=\"https:\/\/ozkarabeytelorgu.com\/en\/tag\/trabzonda-tel-orgu\/\" rel=\"tag\">trabzonda tel \u00f6rg\u00fc<\/a>, <a href=\"https:\/\/ozkarabeytelorgu.com\/en\/tag\/trabzonda-tel-orgu-sistemleri\/\" rel=\"tag\">trabzonda tel \u00f6rg\u00fc sistemleri<\/a><\/span>\t\t\t<\/div>\n\t\t\t<div class=\"w-blog-post-content\">\n\t\t\t\t<p>These are inspections, adjustments, cleaning, or replacements that should be done regularly to ensure proper functioning of all the systems in a house, and to avoid costly emergencies. Examples include annual testing&#8230;<\/p>\n\t\t\t<\/div>\n\t\t\t<a class=\"w-blog-post-more w-btn\" href=\"https:\/\/ozkarabeytelorgu.com\/en\/trabzon-tel-orgu\/\"><span class=\"w-btn-label\">Read More<\/span><\/a>\n\t\t<\/div>\n\t<\/div>\n<\/article>\n\n\n\n<article class=\"w-blog-post panel-cit-grubu post-7565 post type-post status-publish format-standard has-post-thumbnail hentry category-panel-cit-grubu tag-trabzon-dekoratif-cim-cit tag-trabzon-dekoratif-cim-cit-urunleri tag-trabzonda-dekoratif-cim-cit\" data-id=\"7565\" data-categories=\"panel-cit-grubu\">\n\t<div class=\"w-blog-post-h\">\n\t\t<a href=\"https:\/\/ozkarabeytelorgu.com\/en\/trabzon-dekoratif-cim-cit\/\">\n\t\t\t<div class=\"w-blog-post-preview\">\n\t\t\t\t<img loading=\"lazy\" decoding=\"async\" width=\"600\" height=\"400\" src=\"https:\/\/ozkarabeytelorgu.com\/wp-content\/uploads\/2023\/11\/trabzon-dekoratif-cim-cit-600x400.jpg\" class=\"attachment-tnail-3x2 size-tnail-3x2 wp-post-image\" alt=\"\" \/>\t\t\t\t<span class=\"w-blog-post-preview-icon\" style=\"padding-bottom: 66.6667%;\"><\/span>\n\t\t\t<\/div>\n\t\t<\/a>\n\t\t<div class=\"w-blog-post-body\">\n\t\t\t<h2 class=\"w-blog-post-title\">\n\t\t\t\t<a class=\"entry-title\" rel=\"bookmark\" href=\"https:\/\/ozkarabeytelorgu.com\/en\/trabzon-dekoratif-cim-cit\/\">Periodic maintenance also falls under<\/a>\n\t\t\t<\/h2>\n\t\t\t<div class=\"w-blog-post-meta\">\n\t\t\t\t<time class=\"w-blog-post-meta-date date updated\">Thursday November 23rd, 2023<\/time><span class=\"w-blog-post-meta-author vcard author\"><a href=\"https:\/\/ozkarabeytelorgu.com\/en\/author\/admin\/\" class=\"fn\">admin<\/a><\/span><span class=\"w-blog-post-meta-category\"><a href=\"https:\/\/ozkarabeytelorgu.com\/en\/category\/panel-cit-grubu\/\" rel=\"category tag\"><\/a><\/span><span class=\"w-blog-post-meta-tags\"><a href=\"https:\/\/ozkarabeytelorgu.com\/en\/tag\/trabzon-dekoratif-cim-cit\/\" rel=\"tag\">trabzon dekoratif \u00e7im \u00e7it<\/a>, <a href=\"https:\/\/ozkarabeytelorgu.com\/en\/tag\/trabzon-dekoratif-cim-cit-urunleri\/\" rel=\"tag\">trabzon dekoratif \u00e7im \u00e7it \u00fcr\u00fcnleri<\/a>, <a href=\"https:\/\/ozkarabeytelorgu.com\/en\/tag\/trabzonda-dekoratif-cim-cit\/\" rel=\"tag\">trabzonda dekoratif \u00e7im \u00e7it<\/a><\/span>\t\t\t<\/div>\n\t\t\t<div class=\"w-blog-post-content\">\n\t\t\t\t<p>These are inspections, adjustments, cleaning, or replacements that should be done regularly to ensure proper functioning of all the systems in a house, and to avoid costly emergencies. Examples include annual testing&#8230;<\/p>\n\t\t\t<\/div>\n\t\t\t<a class=\"w-blog-post-more w-btn\" href=\"https:\/\/ozkarabeytelorgu.com\/en\/trabzon-dekoratif-cim-cit\/\"><span class=\"w-btn-label\">Read More<\/span><\/a>\n\t\t<\/div>\n\t<\/div>\n<\/article>\n\n\n\n<article class=\"w-blog-post panel-cit-grubu post-7158 post type-post status-publish format-standard has-post-thumbnail hentry category-panel-cit-grubu tag-trabzon-panel-cit tag-trabzon-panel-cit-urunleri tag-trabzon-panel-citler tag-trabzonda-panel-cit tag-trabzonda-panel-citler\" data-id=\"7158\" data-categories=\"panel-cit-grubu\">\n\t<div class=\"w-blog-post-h\">\n\t\t<a href=\"https:\/\/ozkarabeytelorgu.com\/en\/trabzonda-panel-cit\/\">\n\t\t\t<div class=\"w-blog-post-preview\">\n\t\t\t\t<img loading=\"lazy\" decoding=\"async\" width=\"600\" height=\"400\" src=\"https:\/\/ozkarabeytelorgu.com\/wp-content\/uploads\/2023\/09\/trabzon-panel-cit--600x400.jpg\" class=\"attachment-tnail-3x2 size-tnail-3x2 wp-post-image\" alt=\"\" \/>\t\t\t\t<span class=\"w-blog-post-preview-icon\" style=\"padding-bottom: 66.6667%;\"><\/span>\n\t\t\t<\/div>\n\t\t<\/a>\n\t\t<div class=\"w-blog-post-body\">\n\t\t\t<h2 class=\"w-blog-post-title\">\n\t\t\t\t<a class=\"entry-title\" rel=\"bookmark\" href=\"https:\/\/ozkarabeytelorgu.com\/en\/trabzonda-panel-cit\/\">Periodic maintenance also falls under<\/a>\n\t\t\t<\/h2>\n\t\t\t<div class=\"w-blog-post-meta\">\n\t\t\t\t<time class=\"w-blog-post-meta-date date updated\">Thursday September 14th, 2023<\/time><span class=\"w-blog-post-meta-author vcard author\"><a href=\"https:\/\/ozkarabeytelorgu.com\/en\/author\/admin\/\" class=\"fn\">admin<\/a><\/span><span class=\"w-blog-post-meta-category\"><a href=\"https:\/\/ozkarabeytelorgu.com\/en\/category\/panel-cit-grubu\/\" rel=\"category tag\"><\/a><\/span><span class=\"w-blog-post-meta-tags\"><a href=\"https:\/\/ozkarabeytelorgu.com\/en\/tag\/trabzon-panel-cit\/\" rel=\"tag\">trabzon panel \u00e7it<\/a>, <a href=\"https:\/\/ozkarabeytelorgu.com\/en\/tag\/trabzon-panel-cit-urunleri\/\" rel=\"tag\">trabzon panel \u00e7it \u00fcr\u00fcnleri<\/a>, <a href=\"https:\/\/ozkarabeytelorgu.com\/en\/tag\/trabzon-panel-citler\/\" rel=\"tag\">trabzon panel \u00e7itler<\/a>, <a href=\"https:\/\/ozkarabeytelorgu.com\/en\/tag\/trabzonda-panel-cit\/\" rel=\"tag\">trabzonda panel \u00e7it<\/a>, <a href=\"https:\/\/ozkarabeytelorgu.com\/en\/tag\/trabzonda-panel-citler\/\" rel=\"tag\">trabzonda panel \u00e7itler<\/a><\/span>\t\t\t<\/div>\n\t\t\t<div class=\"w-blog-post-content\">\n\t\t\t\t<p>These are inspections, adjustments, cleaning, or replacements that should be done regularly to ensure proper functioning of all the systems in a house, and to avoid costly emergencies. Examples include annual testing&#8230;<\/p>\n\t\t\t<\/div>\n\t\t\t<a class=\"w-blog-post-more w-btn\" href=\"https:\/\/ozkarabeytelorgu.com\/en\/trabzonda-panel-cit\/\"><span class=\"w-btn-label\">Read More<\/span><\/a>\n\t\t<\/div>\n\t<\/div>\n<\/article>\n\n<\/div><\/div><\/div><\/div><\/div><\/div><\/section><section class=\"l-section wpb_row height_small with_overlay\"><div class=\"l-section-overlay\" style=\"background-color: #f9a02c\"><\/div><div class=\"l-section-h i-cf\"><div class=\"g-cols offset_small\"><div class=\"vc_col-sm-12 wpb_column vc_column_container\"><div class=\"vc_column-inner\"><div class=\"w-actionbox color_primary controls_right\"><div class=\"w-actionbox-text\"><h2>Click Here To Review Our Services<\/h2><p>Affordable and easy solution to create a modern website for home renovation, construction, maintenance or handyman business.<\/p><\/div><div class=\"w-actionbox-controls\"><a class=\"w-btn color_secondary style_solid icon_atleft\" href=\"\/services\"><i class=\"fa fa-shopping-cart\"><\/i><span class=\"w-btn-label\">Our Services<\/span><\/a><\/div><\/div><\/div><\/div><\/div><\/div><\/section>","protected":false},"excerpt":{"rendered":"These are inspections, adjustments, cleaning, or replacements that should be done regularly to ensure proper functioning of all the systems in a house, and to avoid costly emergencies. Examples include annual testing...","protected":false},"author":1,"featured_media":0,"parent":0,"menu_order":0,"comment_status":"closed","ping_status":"closed","template":"","meta":{"footnotes":""},"class_list":["post-6787","page","type-page","status-publish","hentry"],"_links":{"self":[{"href":"https:\/\/ozkarabeytelorgu.com\/en\/wp-json\/wp\/v2\/pages\/6787","targetHints":{"allow":["GET"]}}],"collection":[{"href":"https:\/\/ozkarabeytelorgu.com\/en\/wp-json\/wp\/v2\/pages"}],"about":[{"href":"https:\/\/ozkarabeytelorgu.com\/en\/wp-json\/wp\/v2\/types\/page"}],"author":[{"embeddable":true,"href":"https:\/\/ozkarabeytelorgu.com\/en\/wp-json\/wp\/v2\/users\/1"}],"replies":[{"embeddable":true,"href":"https:\/\/ozkarabeytelorgu.com\/en\/wp-json\/wp\/v2\/comments?post=6787"}],"version-history":[{"count":0,"href":"https:\/\/ozkarabeytelorgu.com\/en\/wp-json\/wp\/v2\/pages\/6787\/revisions"}],"wp:attachment":[{"href":"https:\/\/ozkarabeytelorgu.com\/en\/wp-json\/wp\/v2\/media?parent=6787"}],"curies":[{"name":"wp","href":"https:\/\/api.w.org\/{rel}","templated":true}]}}